{"id":1319,"date":"2024-01-09T10:07:52","date_gmt":"2024-01-09T10:07:52","guid":{"rendered":"https:\/\/ubimedical.pt\/?page_id=1319"},"modified":"2024-01-11T10:40:01","modified_gmt":"2024-01-11T10:40:01","slug":"postgraduation-executive-mba-course-in-biohealth-entrepreneurship-and-innovation","status":"publish","type":"page","link":"https:\/\/ubimedical.pt\/pt\/postgraduation-executive-mba-course-in-biohealth-entrepreneurship-and-innovation\/","title":{"rendered":"P\u00f3s-gradua\u00e7\u00e3o\/MBA Executivo em Empreendedorismo e Inova\u00e7\u00e3o no setor BioHealth"},"content":{"rendered":"<p class=\"has-text-align-right\"><\/p>\n\n\n\n<div class=\"wp-block-media-text alignwide is-stacked-on-mobile\" style=\"grid-template-columns:19% auto\"><figure class=\"wp-block-media-text__media\"><img loading=\"lazy\" decoding=\"async\" width=\"396\" height=\"396\" src=\"https:\/\/ubimedical.pt\/wp-content\/uploads\/2024\/01\/image-2-1-1.png\" alt=\"\" class=\"wp-image-1333 size-full\"\/><\/figure><div class=\"wp-block-media-text__content\"><p class=\"fonts-plugin-block\" style=\"text-align: left\"><br><strong>The Postgraduation\/MBA course in BioHealth Entrepreneurship and Innovation tailored for graduates and professionals is designed to unlock the entrepreneurial potential of the professionals from the BioHealth sector.<br>Este programa de 12 m\u00f3dulos foi desenvolvido para preencher as lacunas na educa\u00e7\u00e3o para o empreendedorismo espec\u00edficas para o setor BIOHealth.<br>O que distingue este curso \u00e9 a abordagem co-criativa, baseada nas experi\u00eancias dos alunos e do corpo docente, de forma a promover um ambiente de aprendizagem inovador.<\/strong><br><br><strong>Informa\u00e7\u00f5es adicionais \/ candidaturas contactar:<br><a href=\"mailto:ubimedical@ubi.pt\">ubimedical@ubi.pt<\/a><\/strong><\/p>\n\n\n<p><\/p>\n<\/div><\/div>\n\n\n\n<p><\/p>","protected":false},"excerpt":{"rendered":"","protected":false},"author":4,"featured_media":0,"parent":0,"menu_order":0,"comment_status":"closed","ping_status":"closed","template":"","meta":{"footnotes":""},"class_list":["post-1319","page","type-page","status-publish","hentry"],"_links":{"self":[{"href":"https:\/\/ubimedical.pt\/pt\/wp-json\/wp\/v2\/pages\/1319","targetHints":{"allow":["GET"]}}],"collection":[{"href":"https:\/\/ubimedical.pt\/pt\/wp-json\/wp\/v2\/pages"}],"about":[{"href":"https:\/\/ubimedical.pt\/pt\/wp-json\/wp\/v2\/types\/page"}],"author":[{"embeddable":true,"href":"https:\/\/ubimedical.pt\/pt\/wp-json\/wp\/v2\/users\/4"}],"replies":[{"embeddable":true,"href":"https:\/\/ubimedical.pt\/pt\/wp-json\/wp\/v2\/comments?post=1319"}],"version-history":[{"count":27,"href":"https:\/\/ubimedical.pt\/pt\/wp-json\/wp\/v2\/pages\/1319\/revisions"}],"predecessor-version":[{"id":1567,"href":"https:\/\/ubimedical.pt\/pt\/wp-json\/wp\/v2\/pages\/1319\/revisions\/1567"}],"wp:attachment":[{"href":"https:\/\/ubimedical.pt\/pt\/wp-json\/wp\/v2\/media?parent=1319"}],"curies":[{"name":"wp","href":"https:\/\/api.w.org\/{rel}","templated":true}]}}