{"id":2,"date":"2020-06-09T02:42:48","date_gmt":"2020-06-09T02:42:48","guid":{"rendered":"https:\/\/ubimedical.pt\/?page_id=2"},"modified":"2026-04-16T14:04:03","modified_gmt":"2026-04-16T14:04:03","slug":"home","status":"publish","type":"page","link":"https:\/\/ubimedical.pt\/pt\/","title":{"rendered":"Home"},"content":{"rendered":"<div class=\"wpb-content-wrapper\"><div class=\"vc_row wpb_row top-row pt-5 pt-lg-0 pb-lg-5 porto-inner-container wpb_custom_034b39d9bc6c6b310d69e39f0ccf274f\"><div class=\"porto-wrap-container container\"><div class=\"row\"><div class=\"vc_column_container col-md-12\"><div class=\"wpb_wrapper vc_column-inner\"><\/div><\/div><\/div><\/div><\/div><div class=\"vc_row wpb_row row top-row px-0 mb-lg-5 pb-md-4 vc_row-o-content-middle vc_row-flex wpb_custom_034b39d9bc6c6b310d69e39f0ccf274f\"><div class=\"section-right-triangle vc_column_container col-md-12 col-lg-6 vc_custom_1608584211102\" data-appear-animation=\"fadeIn\" data-appear-animation-delay=\"100\"><div class=\"wpb_wrapper vc_column-inner\"><\/div><\/div><div class=\"col-half-section col-fullwidth-md py-5 px-4 px-md-3 vc_column_container col-md-12 col-lg-6\"><div class=\"wpb_wrapper vc_column-inner\"><p  data-appear-animation=\"fadeInUp\" data-appear-animation-delay=\"100\" class=\"vc_custom_heading vc_do_custom_heading mb-0 wpb_custom_aa365bd5046e8294520b4e73732b9d15 align-left\" >QUEM SOMOS<\/p><h3 style=\"font-size: 1.8em;line-height: 1\" data-appear-animation=\"fadeInUp\" data-appear-animation-delay=\"200\" class=\"vc_custom_heading vc_do_custom_heading mb-2 wpb_custom_aa365bd5046e8294520b4e73732b9d15 align-left text-capitalize\" >MAIS SOBRE A UBIMEDICAL<\/h3><p  data-appear-animation=\"fadeInUp\" data-appear-animation-delay=\"300\" class=\"vc_custom_heading vc_do_custom_heading wpb_custom_aa365bd5046e8294520b4e73732b9d15 align-left\" >A UBIMEDICAL constitui um espa\u00e7o de excel\u00eancia para articular a liga\u00e7\u00e3o entre a Universidade e o mundo empresarial. Criado para agilizar a transfer\u00eancia de conhecimento na busca de novas tecnologias, permite \u00e0s empresas desenvolver a investiga\u00e7\u00e3o e os testes laboratoriais necess\u00e1rios \u00e0 efetiva comercializa\u00e7\u00e3o de novos produtos, gerando valor acrescentado para a economia.<br \/>\nA UBIMEDICAL compreende 2 \u00e1reas distintas: a \u00e1rea laboratorial e a \u00e1rea de incuba\u00e7\u00e3o. A \u00e1rea laboratorial tem a miss\u00e3o de suporte e transfer\u00eancia de tecnologia, e compreende um conjunto de laborat\u00f3rios residentes coordenados por docentes da UBI nas \u00e1reas da sa\u00fade e ci\u00eancias da vida. A incubadora acolhe empreendedores e empresas inovadoras nas mesmas \u00e1reas.<br \/>\nEsta estrutura tem enriquecido o cluster da sa\u00fade em Portugal, proporcionando a liga\u00e7\u00e3o da Universidade ao mercado.<\/p><h3 style=\"font-size: 1.8em;line-height: 1\" data-appear-animation=\"fadeInUp\" data-appear-animation-delay=\"200\" class=\"vc_custom_heading vc_do_custom_heading mb-2 wpb_custom_aa365bd5046e8294520b4e73732b9d15 align-left text-capitalize\" >COMO APOIAMOS O ECOSISTEMA<\/h3><p  data-appear-animation=\"fadeInUp\" data-appear-animation-delay=\"400\" class=\"vc_custom_heading vc_do_custom_heading mb-4 wpb_custom_aa365bd5046e8294520b4e73732b9d15 align-left\" >O foco da UBImedical \u00e9 proporcionar as melhores condi\u00e7\u00f5es para o desenvolvimento de projetos, oferecendo espa\u00e7os f\u00edsicos premium a pre\u00e7os competitivos, condi\u00e7\u00f5es privilegiadas de acesso a entidades especializadas (consultoria nas \u00e1reas da ci\u00eancia, tecnologia e gest\u00e3o) e acesso facilitado a entidades p\u00fablicas, investidores e financiadores que podem apoiar o crescimento do neg\u00f3cio.<br \/>\nO \u201ccoaching\" e o \"mentoring\u201d s\u00e3o instrumentos que est\u00e3o \u00e0 disposi\u00e7\u00e3o dos empreendedores para mitigar riscos e apoiar a acelera\u00e7\u00e3o do projeto empresarial e das suas capacidades empresariais.<\/p><div class=\"vc_row wpb_row vc_inner row\" data-appear-animation=\"fadeInLeft\"><div class=\"vc_column_container col-md-4 col-4\" data-appear-animation=\"fadeInLeft\" data-appear-animation-delay=\"500\"><div class=\"wpb_wrapper vc_column-inner\"><div class=\"stats-block stats-top   wpb_custom_a517333ace5b1666c6af8bd4684f1de9\"><div class=\"stats-desc\"><div id=\"counter_192248955369ed2f18192ef\" data-id=\"counter_192248955369ed2f18192ef\" class=\"stats-number\" style=\" font-weight:900;font-size:50px;line-height:59px;color:#00b6fb;\" data-speed=\"3\" data-counter-value=\"40\" data-separator=\"none\" data-decimal=\".\">0<\/div><div class=\"counter_suffix mycust\" style=\" font-weight:900;font-size:50px;line-height:50px;color:#00b6fb\">+<\/div><div class=\"stats-text\" style=\"font-weight:700;font-size:16px;line-height:19px;color:#00b6fb;\">Startups incubadas<\/div><\/div><\/div><\/div><\/div><div class=\"vc_column_container col-md-4 col-4\" data-appear-animation=\"fadeInLeft\" data-appear-animation-delay=\"700\"><div class=\"wpb_wrapper vc_column-inner\"><div class=\"stats-block stats-top   wpb_custom_a517333ace5b1666c6af8bd4684f1de9\"><div class=\"stats-desc\"><div id=\"counter_39281592369ed2f18195d6\" data-id=\"counter_39281592369ed2f18195d6\" class=\"stats-number\" style=\" font-weight:900;font-size:50px;line-height:59px;color:#00b6fb;\" data-speed=\"3\" data-counter-value=\"9\" data-separator=\"none\" data-decimal=\".\">0<\/div><div class=\"counter_suffix mycust\" style=\" font-weight:900;font-size:50px;line-height:50px;color:#00b6fb\">+<\/div><div class=\"stats-text\" style=\"font-weight:700;font-size:16px;line-height:19px;color:#00b6fb;\">Projetos Europeus<\/div><\/div><\/div><\/div><\/div><div class=\"vc_column_container col-md-4\"><div class=\"wpb_wrapper vc_column-inner\"><div class=\"stats-block stats-top   wpb_custom_a517333ace5b1666c6af8bd4684f1de9\"><div class=\"stats-desc\"><div id=\"counter_150108892969ed2f1819887\" data-id=\"counter_150108892969ed2f1819887\" class=\"stats-number\" style=\" font-weight:900;font-size:50px;line-height:59px;color:#00b6fb;\" data-speed=\"3\" data-counter-value=\"1.5\" data-separator=\",\" data-decimal=\",\">0<\/div><div class=\"counter_suffix mycust\" style=\" font-weight:900;font-size:50px;line-height:50px;color:#00b6fb\">M\u20ac<\/div><div class=\"stats-text\" style=\"font-weight:700;font-size:16px;line-height:19px;color:#00b6fb;\">\u20ac Raised in the last 3 Years<\/div><\/div><\/div><\/div><\/div><\/div><\/div><\/div><\/div><div class=\"vc_row wpb_row top-row pt-5 pt-lg-0 pb-lg-5 porto-inner-container wpb_custom_034b39d9bc6c6b310d69e39f0ccf274f\"><div class=\"porto-wrap-container container\"><div class=\"row\"><div class=\"vc_column_container col-md-12\"><div class=\"wpb_wrapper vc_column-inner\"><p  data-appear-animation=\"fadeInUp\" data-appear-animation-delay=\"100\" class=\"vc_custom_heading vc_do_custom_heading mb-4 wpb_custom_aa365bd5046e8294520b4e73732b9d15 align-left\" >A UBImedical presta um conjunto de servi\u00e7os associados \u00e0 incuba\u00e7\u00e3o e acelera\u00e7\u00e3o de empresas:<\/p><div class=\"vc_row wpb_row vc_inner row mb-4\"><div class=\"vc_column_container col-md-6\"><div class=\"wpb_wrapper vc_column-inner\"><div class=\"porto-sicon-box mb-2  wpb_custom_1efe903570d178ff0a9b7bfa5febd3a4 style_1 default-icon\"><div class=\"porto-sicon-default\"><div class=\"porto-just-icon-wrapper porto-icon advanced\" style=\"color:#222529;border-style:solid;border-color:#e7e7e7;border-width:1px;width:38px;height:38px;line-height:38px;border-radius:20px;font-size:11.2px;\"><i class=\"fas fa-check\"><\/i><\/div><\/div><div class=\"porto-sicon-header\"><h5 class=\"porto-sicon-title\" style=\"letter-spacing:0;\">Acompanhamento de projetos empreendedores (desde a fase de ideia at\u00e9 \u00e0 fase de maturidade da empresa)<\/h5><\/div> <!-- header --><\/div><!-- porto-sicon-box --><div class=\"porto-sicon-box mb-2  wpb_custom_1efe903570d178ff0a9b7bfa5febd3a4 style_1 default-icon\"><div class=\"porto-sicon-default\"><div class=\"porto-just-icon-wrapper porto-icon advanced\" style=\"color:#222529;border-style:solid;border-color:#e7e7e7;border-width:1px;width:38px;height:38px;line-height:38px;border-radius:20px;font-size:11.2px;\"><i class=\"fas fa-check\"><\/i><\/div><\/div><div class=\"porto-sicon-header\"><h5 class=\"porto-sicon-title\" style=\"letter-spacing:0;\">Organiza\u00e7\u00e3o de sess\u00f5es de Pitch para ideias empreendedoras no \u00e2mbito dos cursos da UBI<\/h5><\/div> <!-- header --><\/div><!-- porto-sicon-box --><div class=\"porto-sicon-box mb-2  wpb_custom_1efe903570d178ff0a9b7bfa5febd3a4 style_1 default-icon\"><div class=\"porto-sicon-default\"><div class=\"porto-just-icon-wrapper porto-icon advanced\" style=\"color:#222529;border-style:solid;border-color:#e7e7e7;border-width:1px;width:38px;height:38px;line-height:38px;border-radius:20px;font-size:11.2px;\"><i class=\"fas fa-check\"><\/i><\/div><\/div><div class=\"porto-sicon-header\"><h5 class=\"porto-sicon-title\" style=\"letter-spacing:0;\">Apoio a candidaturas de Investiga\u00e7\u00e3o &amp; Desenvolvimento, Demonstra\u00e7\u00e3o e Coopera\u00e7\u00e3o<\/h5><\/div> <!-- header --><\/div><!-- porto-sicon-box --><div class=\"porto-sicon-box mb-2  wpb_custom_1efe903570d178ff0a9b7bfa5febd3a4 style_1 default-icon\"><div class=\"porto-sicon-default\"><div class=\"porto-just-icon-wrapper porto-icon advanced\" style=\"color:#222529;border-style:solid;border-color:#e7e7e7;border-width:1px;width:38px;height:38px;line-height:38px;border-radius:20px;font-size:11.2px;\"><i class=\"fas fa-check\"><\/i><\/div><\/div><div class=\"porto-sicon-header\"><h5 class=\"porto-sicon-title\" style=\"letter-spacing:0;\">Acesso a redes de empreendedores, outras incubadoras e facilitadores<\/h5><\/div> <!-- header --><\/div><!-- porto-sicon-box --><div class=\"porto-sicon-box mb-2  wpb_custom_1efe903570d178ff0a9b7bfa5febd3a4 style_1 default-icon\"><div class=\"porto-sicon-default\"><div class=\"porto-just-icon-wrapper porto-icon advanced\" style=\"color:#222529;border-style:solid;border-color:#e7e7e7;border-width:1px;width:38px;height:38px;line-height:38px;border-radius:20px;font-size:11.2px;\"><i class=\"fas fa-check\"><\/i><\/div><\/div><div class=\"porto-sicon-header\"><h5 class=\"porto-sicon-title\" style=\"letter-spacing:0;\">Apoio na procura de parcerias e colabora\u00e7\u00f5es com outras empresas e entidades<\/h5><\/div> <!-- header --><\/div><!-- porto-sicon-box --><div class=\"porto-sicon-box mb-2  wpb_custom_1efe903570d178ff0a9b7bfa5febd3a4 style_1 default-icon\"><div class=\"porto-sicon-default\"><div class=\"porto-just-icon-wrapper porto-icon advanced\" style=\"color:#222529;border-style:solid;border-color:#e7e7e7;border-width:1px;width:38px;height:38px;line-height:38px;border-radius:20px;font-size:11.2px;\"><i class=\"fas fa-check\"><\/i><\/div><\/div><div class=\"porto-sicon-header\"><h5 class=\"porto-sicon-title\" style=\"letter-spacing:0;\">Apoio na capta\u00e7\u00e3o de financiamento (business angels, capitais de risco, plataformas de investimento, banca).<\/h5><\/div> <!-- header --><\/div><!-- porto-sicon-box --><\/div><\/div><div class=\"vc_column_container col-md-6\"><div class=\"wpb_wrapper vc_column-inner\"><div class=\"porto-sicon-box mb-2  wpb_custom_1efe903570d178ff0a9b7bfa5febd3a4 style_1 default-icon\"><div class=\"porto-sicon-default\"><div class=\"porto-just-icon-wrapper porto-icon advanced\" style=\"color:#222529;border-style:solid;border-color:#e7e7e7;border-width:1px;width:38px;height:38px;line-height:38px;border-radius:20px;font-size:11.2px;\"><i class=\"fas fa-check\"><\/i><\/div><\/div><div class=\"porto-sicon-header\"><h5 class=\"porto-sicon-title\" style=\"letter-spacing:0;\">Concursos de inova\u00e7\u00e3o e hackathons (para estimular o arranque e crescimento da ideia e transform\u00e1-la num neg\u00f3cio)<\/h5><\/div> <!-- header --><\/div><!-- porto-sicon-box --><div class=\"porto-sicon-box mb-2  wpb_custom_1efe903570d178ff0a9b7bfa5febd3a4 style_1 default-icon\"><div class=\"porto-sicon-default\"><div class=\"porto-just-icon-wrapper porto-icon advanced\" style=\"color:#222529;border-style:solid;border-color:#e7e7e7;border-width:1px;width:38px;height:38px;line-height:38px;border-radius:20px;font-size:11.2px;\"><i class=\"fas fa-check\"><\/i><\/div><\/div><div class=\"porto-sicon-header\"><h5 class=\"porto-sicon-title\" style=\"letter-spacing:0;\">Apoio na reda\u00e7\u00e3o de planos de neg\u00f3cio<\/h5><\/div> <!-- header --><\/div><!-- porto-sicon-box --><div class=\"porto-sicon-box mb-2  wpb_custom_1efe903570d178ff0a9b7bfa5febd3a4 style_1 default-icon\"><div class=\"porto-sicon-default\"><div class=\"porto-just-icon-wrapper porto-icon advanced\" style=\"color:#222529;border-style:solid;border-color:#e7e7e7;border-width:1px;width:38px;height:38px;line-height:38px;border-radius:20px;font-size:11.2px;\"><i class=\"fas fa-check\"><\/i><\/div><\/div><div class=\"porto-sicon-header\"><h5 class=\"porto-sicon-title\" style=\"letter-spacing:0;\">Consultoria em Propriedade Industrial<\/h5><\/div> <!-- header --><\/div><!-- porto-sicon-box --><div class=\"porto-sicon-box mb-2  wpb_custom_1efe903570d178ff0a9b7bfa5febd3a4 style_1 default-icon\"><div class=\"porto-sicon-default\"><div class=\"porto-just-icon-wrapper porto-icon advanced\" style=\"color:#222529;border-style:solid;border-color:#e7e7e7;border-width:1px;width:38px;height:38px;line-height:38px;border-radius:20px;font-size:11.2px;\"><i class=\"fas fa-check\"><\/i><\/div><\/div><div class=\"porto-sicon-header\"><h5 class=\"porto-sicon-title\" style=\"letter-spacing:0;\">Dissemina\u00e7\u00e3o de informa\u00e7\u00e3o diversa relacionada com concursos, pr\u00e9mios, eventos<\/h5><\/div> <!-- header --><\/div><!-- porto-sicon-box --><div class=\"porto-sicon-box mb-2  wpb_custom_1efe903570d178ff0a9b7bfa5febd3a4 style_1 default-icon\"><div class=\"porto-sicon-default\"><div class=\"porto-just-icon-wrapper porto-icon advanced\" style=\"color:#222529;border-style:solid;border-color:#e7e7e7;border-width:1px;width:38px;height:38px;line-height:38px;border-radius:20px;font-size:11.2px;\"><i class=\"fas fa-check\"><\/i><\/div><\/div><div class=\"porto-sicon-header\"><h5 class=\"porto-sicon-title\" style=\"letter-spacing:0;\">Dissemina\u00e7\u00e3o das atividades das nossas empresas<\/h5><\/div> <!-- header --><\/div><!-- porto-sicon-box --><\/div><\/div><\/div><p  data-appear-animation=\"fadeInUp\" data-appear-animation-delay=\"400\" class=\"vc_custom_heading vc_do_custom_heading mb-4 wpb_custom_aa365bd5046e8294520b4e73732b9d15 align-left\" >UBImedical has 11 laboratories allowing for the knowledge cross-fertilization, and providing services to industry and community, in the fields of pharmaco-toxicology, exposure to radon effects and health risks, health in buildings, biosensors and instrumentation, general pathophysiology, neurophysiology, and vision.<\/p><\/div><\/div><\/div><\/div><\/div><div class=\"vc_row wpb_row top-row py-5 background-color-primary bg-attach-fixed vc_custom_1608586404071 vc_row-has-fill porto-inner-container wpb_custom_034b39d9bc6c6b310d69e39f0ccf274f\"><div class=\"porto-wrap-container container\"><div class=\"row align-items-center\"><div class=\"vc_column_container col-md-12\"><div class=\"wpb_wrapper vc_column-inner\"><p style=\"font-size: 2.2rem;text-align: center;font-weight:600\" data-appear-animation=\"fadeInUp\" data-appear-animation-delay=\"300\" class=\"vc_custom_heading vc_do_custom_heading mb-4 pb-4 pt-4 wpb_custom_aa365bd5046e8294520b4e73732b9d15 heading-light\" >Vem conhecer a nossa incubadora!<\/p><div class=\"vc_btn3-container  mb-5 pb-lg-5 vc_btn3-center vc_do_btn\" >\r\n\t<button  data-appear-animation=\"fadeInUp\"  data-appear-animation-delay=\"500\" class=\"vc_btn3 vc_btn3-shape-rounded rounded-button  wpb_custom_6687b26f39488ddbb85ddb3c1ce8e111 btn btn-lg btn-light\" style=\"background-color:#ffffff; color:#00b6fb; font-size:15px; font-weight:900; padding:26px 75px;\">Faz uma visita<\/button>\t<\/div>\r\n<h2 style=\"font-size: 1.8em;color: #ffffff;line-height: 1;text-align: center\" data-appear-animation=\"fadeInUp\" data-appear-animation-delay=\"100\" class=\"vc_custom_heading vc_do_custom_heading mb-2 wpb_custom_aa365bd5046e8294520b4e73732b9d15\" >PARCEIROS<\/h2><div class=\"vc_row wpb_row vc_inner row vc_row-o-content-middle vc_row-flex\"><div class=\"vc_column_container col-md-3\"><div class=\"wpb_wrapper vc_column-inner\">\r\n\t<div class=\"wpb_single_image wpb_content_element vc_align_left wpb_content_element  wpb_custom_81a4f7ef9830bf958462581aa01150fb\"><div class=\"wpb_wrapper\">\r\n\t\t\t\r\n\t\t\t<div class=\"vc_single_image-wrapper   vc_box_border_grey\"><img loading=\"lazy\" decoding=\"async\" width=\"211\" height=\"210\" src=\"https:\/\/ubimedical.pt\/wp-content\/uploads\/2020\/12\/RIERC.png\" class=\"vc_single_image-img attachment-full\" alt=\"\" title=\"RIERC\" \/><\/div>\r\n\t\t<\/div>\r\n\t<\/div>\r\n<\/div><\/div><div class=\"vc_column_container col-md-3\"><div class=\"wpb_wrapper vc_column-inner\">\r\n\t<div class=\"wpb_single_image wpb_content_element vc_align_left wpb_content_element  wpb_custom_81a4f7ef9830bf958462581aa01150fb\"><div class=\"wpb_wrapper\">\r\n\t\t\t\r\n\t\t\t<div class=\"vc_single_image-wrapper   vc_box_border_grey\"><img loading=\"lazy\" decoding=\"async\" width=\"3079\" height=\"1152\" src=\"https:\/\/ubimedical.pt\/wp-content\/uploads\/2020\/12\/IPN.png\" class=\"vc_single_image-img attachment-full\" alt=\"\" title=\"IPN\" \/><\/div>\r\n\t\t<\/div>\r\n\t<\/div>\r\n<\/div><\/div><div class=\"vc_column_container col-md-3\"><div class=\"wpb_wrapper vc_column-inner\">\r\n\t<div class=\"wpb_single_image wpb_content_element vc_align_left wpb_content_element  wpb_custom_81a4f7ef9830bf958462581aa01150fb\"><div class=\"wpb_wrapper\">\r\n\t\t\t\r\n\t\t\t<div class=\"vc_single_image-wrapper   vc_box_border_grey\"><img loading=\"lazy\" decoding=\"async\" width=\"706\" height=\"353\" src=\"https:\/\/ubimedical.pt\/wp-content\/uploads\/2023\/11\/RNI__Member_of__-_ID_Horizontal_Positivo-removebg-preview.png\" class=\"vc_single_image-img attachment-full\" alt=\"\" title=\"RNI__Member_of__-_ID_Horizontal_Positivo-removebg-preview\" \/><\/div>\r\n\t\t<\/div>\r\n\t<\/div>\r\n<\/div><\/div><div class=\"vc_column_container col-md-3\"><div class=\"wpb_wrapper vc_column-inner\">\r\n\t<div class=\"wpb_single_image wpb_content_element vc_align_left wpb_content_element  wpb_custom_81a4f7ef9830bf958462581aa01150fb\"><div class=\"wpb_wrapper\">\r\n\t\t\t\r\n\t\t\t<div class=\"vc_single_image-wrapper   vc_box_border_grey\"><img loading=\"lazy\" decoding=\"async\" width=\"408\" height=\"98\" src=\"https:\/\/ubimedical.pt\/wp-content\/uploads\/2026\/04\/logo_esabic-823ad703de24e54b2d4ffd7b0936efc5-removebg-preview.png\" class=\"vc_single_image-img attachment-full\" alt=\"\" title=\"logo_esabic-823ad703de24e54b2d4ffd7b0936efc5-removebg-preview\" \/><\/div>\r\n\t\t<\/div>\r\n\t<\/div>\r\n<\/div><\/div><\/div><div class=\"vc_row wpb_row vc_inner row vc_row-o-content-middle vc_row-flex\"><div class=\"vc_column_container col-md-3\"><div class=\"wpb_wrapper vc_column-inner\">\r\n\t<div class=\"wpb_single_image wpb_content_element vc_align_left wpb_content_element  wpb_custom_81a4f7ef9830bf958462581aa01150fb\"><div class=\"wpb_wrapper\">\r\n\t\t\t\r\n\t\t\t<a href=\"https:\/\/www.f6s.com\/ubimedical-ubi\/about\" target=\"_blank\" aria-label=\"Zoom the image\"><div class=\"vc_single_image-wrapper   vc_box_border_grey\"><img loading=\"lazy\" decoding=\"async\" width=\"1403\" height=\"577\" src=\"https:\/\/ubimedical.pt\/wp-content\/uploads\/2025\/10\/F6S-network-partner-preferred.png\" class=\"vc_single_image-img attachment-full\" alt=\"\" title=\"F6S-network-partner-preferred\" \/><\/div><\/a>\r\n\t\t<\/div>\r\n\t<\/div>\r\n<\/div><\/div><div class=\"vc_column_container col-md-3\"><div class=\"wpb_wrapper vc_column-inner\">\r\n\t<div class=\"wpb_single_image wpb_content_element vc_align_left wpb_content_element  wpb_custom_81a4f7ef9830bf958462581aa01150fb\"><div class=\"wpb_wrapper\">\r\n\t\t\t\r\n\t\t\t<a href=\"https:\/\/www.femtechportugal.com\/\" target=\"_blank\" aria-label=\"Zoom the image\"><div class=\"vc_single_image-wrapper   vc_box_border_grey\"><img loading=\"lazy\" decoding=\"async\" width=\"500\" height=\"500\" src=\"https:\/\/ubimedical.pt\/wp-content\/uploads\/2026\/04\/Femtech-PT_white.png\" class=\"vc_single_image-img attachment-full\" alt=\"\" title=\"Femtech PT_white\" \/><\/div><\/a>\r\n\t\t<\/div>\r\n\t<\/div>\r\n<\/div><\/div><div class=\"vc_column_container col-md-3\"><div class=\"wpb_wrapper vc_column-inner\"><\/div><\/div><div class=\"vc_column_container col-md-3\"><div class=\"wpb_wrapper vc_column-inner\"><\/div><\/div><\/div><\/div><\/div><\/div><\/div><\/div>\n<\/div>","protected":false},"excerpt":{"rendered":"WHO WE AREMORE ABOUT UBIMEDICALUBImedical is a space of excellence to articulate the connection between the University and the business world. Created to expedite the transfer of knowledge in the search for new technologies, it allows companies to develop the research and laboratory tests necessary to effectively commercialize new products, generating added value for the [...]","protected":false},"author":1,"featured_media":0,"parent":0,"menu_order":0,"comment_status":"closed","ping_status":"closed","template":"","meta":{"footnotes":""},"class_list":["post-2","page","type-page","status-publish","hentry"],"_links":{"self":[{"href":"https:\/\/ubimedical.pt\/pt\/wp-json\/wp\/v2\/pages\/2","targetHints":{"allow":["GET"]}}],"collection":[{"href":"https:\/\/ubimedical.pt\/pt\/wp-json\/wp\/v2\/pages"}],"about":[{"href":"https:\/\/ubimedical.pt\/pt\/wp-json\/wp\/v2\/types\/page"}],"author":[{"embeddable":true,"href":"https:\/\/ubimedical.pt\/pt\/wp-json\/wp\/v2\/users\/1"}],"replies":[{"embeddable":true,"href":"https:\/\/ubimedical.pt\/pt\/wp-json\/wp\/v2\/comments?post=2"}],"version-history":[{"count":43,"href":"https:\/\/ubimedical.pt\/pt\/wp-json\/wp\/v2\/pages\/2\/revisions"}],"predecessor-version":[{"id":2014,"href":"https:\/\/ubimedical.pt\/pt\/wp-json\/wp\/v2\/pages\/2\/revisions\/2014"}],"wp:attachment":[{"href":"https:\/\/ubimedical.pt\/pt\/wp-json\/wp\/v2\/media?parent=2"}],"curies":[{"name":"wp","href":"https:\/\/api.w.org\/{rel}","templated":true}]}}